{"id":44,"date":"2017-06-03T23:45:40","date_gmt":"2017-06-03T23:45:40","guid":{"rendered":"http:\/\/realhomes.inspirythemes.com\/?page_id=44"},"modified":"2024-03-04T17:45:43","modified_gmt":"2024-03-04T17:45:43","slug":"inicio","status":"publish","type":"page","link":"https:\/\/terrenosenventa.es\/en\/","title":{"rendered":"Home"},"content":{"rendered":"<div data-elementor-type=\"wp-page\" data-elementor-id=\"44\" class=\"elementor elementor-44\">\n\t\t\t\t\t\t<section class=\"elementor-section elementor-top-section elementor-element elementor-element-b50e8a0 elementor-section-boxed elementor-section-height-default elementor-section-height-default\" data-id=\"b50e8a0\" data-element_type=\"section\">\n\t\t\t\t\t\t<div class=\"elementor-container elementor-column-gap-default\">\n\t\t\t\t\t<div class=\"elementor-column elementor-col-100 elementor-top-column elementor-element elementor-element-c0a5637\" data-id=\"c0a5637\" data-element_type=\"column\">\n\t\t\t<div class=\"elementor-widget-wrap elementor-element-populated\">\n\t\t\t\t\t\t<div class=\"elementor-element elementor-element-84bc133 elementor-widget elementor-widget-text-editor\" data-id=\"84bc133\" data-element_type=\"widget\" data-widget_type=\"text-editor.default\">\n\t\t\t\t<div class=\"elementor-widget-container\">\n\t\t\t<style>\/*! elementor - v3.20.0 - 26-03-2024 *\/\n.elementor-widget-text-editor.elementor-drop-cap-view-stacked .elementor-drop-cap{background-color:#69727d;color:#fff}.elementor-widget-text-editor.elementor-drop-cap-view-framed .elementor-drop-cap{color:#69727d;border:3px solid;background-color:transparent}.elementor-widget-text-editor:not(.elementor-drop-cap-view-default) .elementor-drop-cap{margin-top:8px}.elementor-widget-text-editor:not(.elementor-drop-cap-view-default) .elementor-drop-cap-letter{width:1em;height:1em}.elementor-widget-text-editor .elementor-drop-cap{float:left;text-align:center;line-height:1;font-size:50px}.elementor-widget-text-editor .elementor-drop-cap-letter{display:inline-block}<\/style>\t\t\t\t<h2 class=\"h2A\">Land for sale in Malaga and Cadiz<\/h2>\n<h2 class=\"h2B\">Land for sale in Malaga and Cadiz<\/h2>\n<div class=\"h2separador\"><\/div>\t\t\t\t\t\t<\/div>\n\t\t\t\t<\/div>\n\t\t\t\t<div class=\"elementor-element elementor-element-ffd061d elementor-widget elementor-widget-heading\" data-id=\"ffd061d\" data-element_type=\"widget\" data-widget_type=\"heading.default\">\n\t\t\t\t<div class=\"elementor-widget-container\">\n\t\t\t<style>\/*! elementor - v3.20.0 - 26-03-2024 *\/\n.elementor-heading-title{padding:0;margin:0;line-height:1}.elementor-widget-heading .elementor-heading-title[class*=elementor-size-]>a{color:inherit;font-size:inherit;line-height:inherit}.elementor-widget-heading .elementor-heading-title.elementor-size-small{font-size:15px}.elementor-widget-heading .elementor-heading-title.elementor-size-medium{font-size:19px}.elementor-widget-heading .elementor-heading-title.elementor-size-large{font-size:29px}.elementor-widget-heading .elementor-heading-title.elementor-size-xl{font-size:39px}.elementor-widget-heading .elementor-heading-title.elementor-size-xxl{font-size:59px}<\/style><h1 class=\"elementor-heading-title elementor-size-default\">Land for sale in Malaga and Cadiz<\/h1>\t\t<\/div>\n\t\t\t\t<\/div>\n\t\t\t\t<div class=\"elementor-element elementor-element-723140c elementor-widget elementor-widget-text-editor\" data-id=\"723140c\" data-element_type=\"widget\" data-widget_type=\"text-editor.default\">\n\t\t\t\t<div class=\"elementor-widget-container\">\n\t\t\t\t\t\t\t<p>If you&#039;re looking for land for sale in Malaga and Cadiz, you&#039;re in the appropriate web. Here we will show you an extensive catalog at your disposal.<\/p><p>Spain is a wonderful country to buy land in, and Andaluc\u00eda has some of the most beautiful land in the world. The climate is perfect for growing anything, and there is a wide variety of <a href=\"https:\/\/terrenosenventa.es\/en\/land-for-sale-for-pre-fabricated-houses\/\">land for sale<\/a>. Whether you want a plot for a small family farm or a finca for growing wine grapes, you will find it in Andalusia.<\/p><p>In the <strong><a href=\"https:\/\/www.google.com\/maps\/place\/M%C3%A1laga\/@36.7963416,-4.6888718,9z\/data=!4m5!3m4!1s0xd72ea35fca22853:0x303d278a575cb00!8m2!3d36.7211113!4d-4.4210306\" target=\"_blank\" rel=\"noopener\">province of Malaga<\/a><\/strong> you will find coastal plots with breathtaking sea views and plots with beautiful beaches. <a href=\"https:\/\/terrenosenventa.es\/en\/invest-in-rustic-land-in-the-province-of-malaga-opportunities-and-challenges\/\">Malaga is one of the provinces<\/a> sunniest in Spain, and its beaches are among the best in the country.<\/p>\t\t\t\t\t\t<\/div>\n\t\t\t\t<\/div>\n\t\t\t\t\t<\/div>\n\t\t<\/div>\n\t\t\t\t\t<\/div>\n\t\t<\/section>\n\t\t\t\t<section class=\"elementor-section elementor-top-section elementor-element elementor-element-fa9c187 elementor-section-boxed elementor-section-height-default elementor-section-height-default\" data-id=\"fa9c187\" data-element_type=\"section\">\n\t\t\t\t\t\t<div class=\"elementor-container elementor-column-gap-default\">\n\t\t\t\t\t<div class=\"elementor-column elementor-col-25 elementor-top-column elementor-element elementor-element-959f7d3\" data-id=\"959f7d3\" data-element_type=\"column\">\n\t\t\t<div class=\"elementor-widget-wrap elementor-element-populated\">\n\t\t\t\t\t\t<div class=\"elementor-element elementor-element-ab3749f elementor-widget elementor-widget-image\" data-id=\"ab3749f\" data-element_type=\"widget\" data-widget_type=\"image.default\">\n\t\t\t\t<div class=\"elementor-widget-container\">\n\t\t\t<style>\/*! elementor - v3.20.0 - 26-03-2024 *\/\n.elementor-widget-image{text-align:center}.elementor-widget-image a{display:inline-block}.elementor-widget-image a img[src$=\".svg\"]{width:48px}.elementor-widget-image img{vertical-align:middle;display:inline-block}<\/style>\t\t\t\t\t\t\t\t\t\t<img fetchpriority=\"high\" decoding=\"async\" width=\"828\" height=\"556\" src=\"https:\/\/terrenosenventa.es\/wp-content\/uploads\/2022\/11\/banner-home-04.jpg\" class=\"attachment-large size-large wp-image-27266\" alt=\"Land for sale in M\u00e1laga\" srcset=\"https:\/\/terrenosenventa.es\/wp-content\/uploads\/2022\/11\/banner-home-04.jpg 1024w, https:\/\/terrenosenventa.es\/wp-content\/uploads\/2022\/11\/banner-home-04-300x202.jpg 300w, https:\/\/terrenosenventa.es\/wp-content\/uploads\/2022\/11\/banner-home-04-768x516.jpg 768w, https:\/\/terrenosenventa.es\/wp-content\/uploads\/2022\/11\/banner-home-04-150x101.jpg 150w\" sizes=\"(max-width: 828px) 100vw, 828px\" \/>\t\t\t\t\t\t\t\t\t\t\t\t\t<\/div>\n\t\t\t\t<\/div>\n\t\t\t\t\t<\/div>\n\t\t<\/div>\n\t\t\t\t<div class=\"elementor-column elementor-col-25 elementor-top-column elementor-element elementor-element-a31ff34\" data-id=\"a31ff34\" data-element_type=\"column\">\n\t\t\t<div class=\"elementor-widget-wrap elementor-element-populated\">\n\t\t\t\t\t\t<div class=\"elementor-element elementor-element-8ed5682 elementor-widget elementor-widget-image\" data-id=\"8ed5682\" data-element_type=\"widget\" data-widget_type=\"image.default\">\n\t\t\t\t<div class=\"elementor-widget-container\">\n\t\t\t\t\t\t\t\t\t\t\t\t\t<img decoding=\"async\" width=\"828\" height=\"556\" src=\"https:\/\/terrenosenventa.es\/wp-content\/uploads\/2022\/11\/banner-home-01.jpg\" class=\"attachment-large size-large wp-image-27261\" alt=\"Land for sale in M\u00e1laga\" srcset=\"https:\/\/terrenosenventa.es\/wp-content\/uploads\/2022\/11\/banner-home-01.jpg 1024w, https:\/\/terrenosenventa.es\/wp-content\/uploads\/2022\/11\/banner-home-01-300x202.jpg 300w, https:\/\/terrenosenventa.es\/wp-content\/uploads\/2022\/11\/banner-home-01-768x516.jpg 768w, https:\/\/terrenosenventa.es\/wp-content\/uploads\/2022\/11\/banner-home-01-150x101.jpg 150w\" sizes=\"(max-width: 828px) 100vw, 828px\" \/>\t\t\t\t\t\t\t\t\t\t\t\t\t<\/div>\n\t\t\t\t<\/div>\n\t\t\t\t\t<\/div>\n\t\t<\/div>\n\t\t\t\t<div class=\"elementor-column elementor-col-25 elementor-top-column elementor-element elementor-element-193ff30\" data-id=\"193ff30\" data-element_type=\"column\">\n\t\t\t<div class=\"elementor-widget-wrap elementor-element-populated\">\n\t\t\t\t\t\t<div class=\"elementor-element elementor-element-6d8c0fb elementor-widget elementor-widget-image\" data-id=\"6d8c0fb\" data-element_type=\"widget\" data-widget_type=\"image.default\">\n\t\t\t\t<div class=\"elementor-widget-container\">\n\t\t\t\t\t\t\t\t\t\t\t\t\t<img decoding=\"async\" width=\"828\" height=\"556\" src=\"https:\/\/terrenosenventa.es\/wp-content\/uploads\/2022\/11\/banner-home-02.jpg\" class=\"attachment-large size-large wp-image-27263\" alt=\"Land for sale in M\u00e1laga\" srcset=\"https:\/\/terrenosenventa.es\/wp-content\/uploads\/2022\/11\/banner-home-02.jpg 1024w, https:\/\/terrenosenventa.es\/wp-content\/uploads\/2022\/11\/banner-home-02-300x202.jpg 300w, https:\/\/terrenosenventa.es\/wp-content\/uploads\/2022\/11\/banner-home-02-768x516.jpg 768w, https:\/\/terrenosenventa.es\/wp-content\/uploads\/2022\/11\/banner-home-02-150x101.jpg 150w\" sizes=\"(max-width: 828px) 100vw, 828px\" \/>\t\t\t\t\t\t\t\t\t\t\t\t\t<\/div>\n\t\t\t\t<\/div>\n\t\t\t\t\t<\/div>\n\t\t<\/div>\n\t\t\t\t<div class=\"elementor-column elementor-col-25 elementor-top-column elementor-element elementor-element-fe5d569\" data-id=\"fe5d569\" data-element_type=\"column\">\n\t\t\t<div class=\"elementor-widget-wrap elementor-element-populated\">\n\t\t\t\t\t\t<div class=\"elementor-element elementor-element-dd1ab7f elementor-widget elementor-widget-image\" data-id=\"dd1ab7f\" data-element_type=\"widget\" data-widget_type=\"image.default\">\n\t\t\t\t<div class=\"elementor-widget-container\">\n\t\t\t\t\t\t\t\t\t\t\t\t\t<img loading=\"lazy\" decoding=\"async\" width=\"828\" height=\"556\" src=\"https:\/\/terrenosenventa.es\/wp-content\/uploads\/2022\/11\/banner-home-03.jpg\" class=\"attachment-large size-large wp-image-27264\" alt=\"Land for sale in M\u00e1laga\" srcset=\"https:\/\/terrenosenventa.es\/wp-content\/uploads\/2022\/11\/banner-home-03.jpg 1024w, https:\/\/terrenosenventa.es\/wp-content\/uploads\/2022\/11\/banner-home-03-300x202.jpg 300w, https:\/\/terrenosenventa.es\/wp-content\/uploads\/2022\/11\/banner-home-03-768x516.jpg 768w, https:\/\/terrenosenventa.es\/wp-content\/uploads\/2022\/11\/banner-home-03-150x101.jpg 150w\" sizes=\"(max-width: 828px) 100vw, 828px\" \/>\t\t\t\t\t\t\t\t\t\t\t\t\t<\/div>\n\t\t\t\t<\/div>\n\t\t\t\t\t<\/div>\n\t\t<\/div>\n\t\t\t\t\t<\/div>\n\t\t<\/section>\n\t\t\t\t<section class=\"elementor-section elementor-top-section elementor-element elementor-element-241724b elementor-section-boxed elementor-section-height-default elementor-section-height-default\" data-id=\"241724b\" data-element_type=\"section\">\n\t\t\t\t\t\t<div class=\"elementor-container elementor-column-gap-default\">\n\t\t\t\t\t<div class=\"elementor-column elementor-col-100 elementor-top-column elementor-element elementor-element-55333c9\" data-id=\"55333c9\" data-element_type=\"column\">\n\t\t\t<div class=\"elementor-widget-wrap elementor-element-populated\">\n\t\t\t\t\t\t<div class=\"elementor-element elementor-element-191776f elementor-widget elementor-widget-text-editor\" data-id=\"191776f\" data-element_type=\"widget\" data-widget_type=\"text-editor.default\">\n\t\t\t\t<div class=\"elementor-widget-container\">\n\t\t\t\t\t\t\t<p>You can\u00a0<strong><a href=\"https:\/\/terrenosenventa.es\/en\/contact\/\">contact<\/a>\u00a0<\/strong>contact us if you need advice in the search for the ideal terrain.<\/p>\t\t\t\t\t\t<\/div>\n\t\t\t\t<\/div>\n\t\t\t\t\t<\/div>\n\t\t<\/div>\n\t\t\t\t\t<\/div>\n\t\t<\/section>\n\t\t\t\t<\/div>","protected":false},"excerpt":{"rendered":"<p>Land for sale in M\u00e1laga and C\u00e1diz Land for sale in M\u00e1laga and C\u00e1diz Land for sale in M\u00e1laga and C\u00e1diz Land for sale in M\u00e1laga and C\u00e1diz If you are looking for land for sale in M\u00e1laga and C\u00e1diz, you are on the right website. Here we show you a wide catalogue at your disposal. Spain is a wonderful country to buy land, and Andalucia...<\/p>","protected":false},"author":1,"featured_media":0,"parent":0,"menu_order":0,"comment_status":"open","ping_status":"closed","template":"templates\/home.php","meta":{"_acf_changed":false,"inline_featured_image":false,"footnotes":"","_joinchat":[]},"acf":[],"yoast_head":"<!-- This site is optimized with the Yoast SEO plugin v22.3 - https:\/\/yoast.com\/wordpress\/plugins\/seo\/ -->\n<title>Terrenos en venta en M\u00e1laga y C\u00e1diz - terrenosenventa.es<\/title>\n<meta name=\"description\" content=\"Terrenos en venta en M\u00e1laga y C\u00e1diz - En la provincia de M\u00e1laga encontrar\u00e1 terrenos con impresionantes vistas al mar con hermosas playas.\" \/>\n<meta name=\"robots\" content=\"index, follow, max-snippet:-1, max-image-preview:large, max-video-preview:-1\" \/>\n<link rel=\"canonical\" href=\"https:\/\/terrenosenventa.es\/en\/\" \/>\n<meta property=\"og:locale\" content=\"en_GB\" \/>\n<meta property=\"og:type\" content=\"article\" \/>\n<meta property=\"og:title\" content=\"Terrenos en venta en M\u00e1laga y C\u00e1diz - terrenosenventa.es\" \/>\n<meta property=\"og:description\" content=\"Terrenos en venta en M\u00e1laga y C\u00e1diz - En la provincia de M\u00e1laga encontrar\u00e1 terrenos con impresionantes vistas al mar con hermosas playas.\" \/>\n<meta property=\"og:url\" content=\"https:\/\/terrenosenventa.es\/en\/\" \/>\n<meta property=\"og:site_name\" content=\"Terrenos en venta\" \/>\n<meta property=\"article:modified_time\" content=\"2024-03-04T17:45:43+00:00\" \/>\n<meta property=\"og:image\" content=\"https:\/\/terrenosenventa.es\/wp-content\/uploads\/2022\/11\/banner-home-04.jpg\" \/>\n<meta name=\"twitter:card\" content=\"summary_large_image\" \/>\n<meta name=\"twitter:label1\" content=\"Estimated reading time\" \/>\n\t<meta name=\"twitter:data1\" content=\"2 minutes\" \/>\n<script type=\"application\/ld+json\" class=\"yoast-schema-graph\">{\"@context\":\"https:\/\/schema.org\",\"@graph\":[{\"@type\":\"WebPage\",\"@id\":\"https:\/\/terrenosenventa.es\/\",\"url\":\"https:\/\/terrenosenventa.es\/\",\"name\":\"Terrenos en venta en M\u00e1laga y C\u00e1diz - terrenosenventa.es\",\"isPartOf\":{\"@id\":\"https:\/\/terrenosenventa.es\/#website\"},\"primaryImageOfPage\":{\"@id\":\"https:\/\/terrenosenventa.es\/#primaryimage\"},\"image\":{\"@id\":\"https:\/\/terrenosenventa.es\/#primaryimage\"},\"thumbnailUrl\":\"https:\/\/terrenosenventa.es\/wp-content\/uploads\/2022\/11\/banner-home-04.jpg\",\"datePublished\":\"2017-06-03T23:45:40+00:00\",\"dateModified\":\"2024-03-04T17:45:43+00:00\",\"description\":\"Terrenos en venta en M\u00e1laga y C\u00e1diz - En la provincia de M\u00e1laga encontrar\u00e1 terrenos con impresionantes vistas al mar con hermosas playas.\",\"breadcrumb\":{\"@id\":\"https:\/\/terrenosenventa.es\/#breadcrumb\"},\"inLanguage\":\"en-GB\",\"potentialAction\":[{\"@type\":\"ReadAction\",\"target\":[\"https:\/\/terrenosenventa.es\/\"]}]},{\"@type\":\"ImageObject\",\"inLanguage\":\"en-GB\",\"@id\":\"https:\/\/terrenosenventa.es\/#primaryimage\",\"url\":\"https:\/\/terrenosenventa.es\/wp-content\/uploads\/2022\/11\/banner-home-04.jpg\",\"contentUrl\":\"https:\/\/terrenosenventa.es\/wp-content\/uploads\/2022\/11\/banner-home-04.jpg\",\"width\":1024,\"height\":688,\"caption\":\"Terrenos en venta en M\u00e1laga\"},{\"@type\":\"BreadcrumbList\",\"@id\":\"https:\/\/terrenosenventa.es\/#breadcrumb\",\"itemListElement\":[{\"@type\":\"ListItem\",\"position\":1,\"name\":\"Portada\",\"item\":\"https:\/\/terrenosenventa.es\/\"},{\"@type\":\"ListItem\",\"position\":2,\"name\":\"Inicio\"}]},{\"@type\":\"WebSite\",\"@id\":\"https:\/\/terrenosenventa.es\/#website\",\"url\":\"https:\/\/terrenosenventa.es\/\",\"name\":\"Terrenos en venta\",\"description\":\"Terrenos en venta en M\u00e1laga y C\u00e1diz, y m\u00e1s\",\"publisher\":{\"@id\":\"https:\/\/terrenosenventa.es\/#organization\"},\"potentialAction\":[{\"@type\":\"SearchAction\",\"target\":{\"@type\":\"EntryPoint\",\"urlTemplate\":\"https:\/\/terrenosenventa.es\/?s={search_term_string}\"},\"query-input\":\"required name=search_term_string\"}],\"inLanguage\":\"en-GB\"},{\"@type\":\"Organization\",\"@id\":\"https:\/\/terrenosenventa.es\/#organization\",\"name\":\"Terrenos en Venta\",\"url\":\"https:\/\/terrenosenventa.es\/\",\"logo\":{\"@type\":\"ImageObject\",\"inLanguage\":\"en-GB\",\"@id\":\"https:\/\/terrenosenventa.es\/#\/schema\/logo\/image\/\",\"url\":\"https:\/\/terrenosenventa.es\/wp-content\/uploads\/2020\/11\/LOGO-TER-300.png\",\"contentUrl\":\"https:\/\/terrenosenventa.es\/wp-content\/uploads\/2020\/11\/LOGO-TER-300.png\",\"width\":300,\"height\":112,\"caption\":\"Terrenos en Venta\"},\"image\":{\"@id\":\"https:\/\/terrenosenventa.es\/#\/schema\/logo\/image\/\"}}]}<\/script>\n<!-- \/ Yoast SEO plugin. -->","yoast_head_json":{"title":"Terrenos en venta en M\u00e1laga y C\u00e1diz - terrenosenventa.es","description":"Terrenos en venta en M\u00e1laga y C\u00e1diz - En la provincia de M\u00e1laga encontrar\u00e1 terrenos con impresionantes vistas al mar con hermosas playas.","robots":{"index":"index","follow":"follow","max-snippet":"max-snippet:-1","max-image-preview":"max-image-preview:large","max-video-preview":"max-video-preview:-1"},"canonical":"https:\/\/terrenosenventa.es\/en\/","og_locale":"en_GB","og_type":"article","og_title":"Terrenos en venta en M\u00e1laga y C\u00e1diz - terrenosenventa.es","og_description":"Terrenos en venta en M\u00e1laga y C\u00e1diz - En la provincia de M\u00e1laga encontrar\u00e1 terrenos con impresionantes vistas al mar con hermosas playas.","og_url":"https:\/\/terrenosenventa.es\/en\/","og_site_name":"Terrenos en venta","article_modified_time":"2024-03-04T17:45:43+00:00","og_image":[{"url":"https:\/\/terrenosenventa.es\/wp-content\/uploads\/2022\/11\/banner-home-04.jpg"}],"twitter_card":"summary_large_image","twitter_misc":{"Estimated reading time":"2 minutes"},"schema":{"@context":"https:\/\/schema.org","@graph":[{"@type":"WebPage","@id":"https:\/\/terrenosenventa.es\/","url":"https:\/\/terrenosenventa.es\/","name":"Terrenos en venta en M\u00e1laga y C\u00e1diz - terrenosenventa.es","isPartOf":{"@id":"https:\/\/terrenosenventa.es\/#website"},"primaryImageOfPage":{"@id":"https:\/\/terrenosenventa.es\/#primaryimage"},"image":{"@id":"https:\/\/terrenosenventa.es\/#primaryimage"},"thumbnailUrl":"https:\/\/terrenosenventa.es\/wp-content\/uploads\/2022\/11\/banner-home-04.jpg","datePublished":"2017-06-03T23:45:40+00:00","dateModified":"2024-03-04T17:45:43+00:00","description":"Terrenos en venta en M\u00e1laga y C\u00e1diz - En la provincia de M\u00e1laga encontrar\u00e1 terrenos con impresionantes vistas al mar con hermosas playas.","breadcrumb":{"@id":"https:\/\/terrenosenventa.es\/#breadcrumb"},"inLanguage":"en-GB","potentialAction":[{"@type":"ReadAction","target":["https:\/\/terrenosenventa.es\/"]}]},{"@type":"ImageObject","inLanguage":"en-GB","@id":"https:\/\/terrenosenventa.es\/#primaryimage","url":"https:\/\/terrenosenventa.es\/wp-content\/uploads\/2022\/11\/banner-home-04.jpg","contentUrl":"https:\/\/terrenosenventa.es\/wp-content\/uploads\/2022\/11\/banner-home-04.jpg","width":1024,"height":688,"caption":"Terrenos en venta en M\u00e1laga"},{"@type":"BreadcrumbList","@id":"https:\/\/terrenosenventa.es\/#breadcrumb","itemListElement":[{"@type":"ListItem","position":1,"name":"Portada","item":"https:\/\/terrenosenventa.es\/"},{"@type":"ListItem","position":2,"name":"Inicio"}]},{"@type":"WebSite","@id":"https:\/\/terrenosenventa.es\/#website","url":"https:\/\/terrenosenventa.es\/","name":"Terrenos en venta","description":"Terrenos en venta en M\u00e1laga y C\u00e1diz, y m\u00e1s","publisher":{"@id":"https:\/\/terrenosenventa.es\/#organization"},"potentialAction":[{"@type":"SearchAction","target":{"@type":"EntryPoint","urlTemplate":"https:\/\/terrenosenventa.es\/?s={search_term_string}"},"query-input":"required name=search_term_string"}],"inLanguage":"en-GB"},{"@type":"Organization","@id":"https:\/\/terrenosenventa.es\/#organization","name":"Terrenos en Venta","url":"https:\/\/terrenosenventa.es\/","logo":{"@type":"ImageObject","inLanguage":"en-GB","@id":"https:\/\/terrenosenventa.es\/#\/schema\/logo\/image\/","url":"https:\/\/terrenosenventa.es\/wp-content\/uploads\/2020\/11\/LOGO-TER-300.png","contentUrl":"https:\/\/terrenosenventa.es\/wp-content\/uploads\/2020\/11\/LOGO-TER-300.png","width":300,"height":112,"caption":"Terrenos en Venta"},"image":{"@id":"https:\/\/terrenosenventa.es\/#\/schema\/logo\/image\/"}}]}},"_links":{"self":[{"href":"https:\/\/terrenosenventa.es\/en\/wp-json\/wp\/v2\/pages\/44"}],"collection":[{"href":"https:\/\/terrenosenventa.es\/en\/wp-json\/wp\/v2\/pages"}],"about":[{"href":"https:\/\/terrenosenventa.es\/en\/wp-json\/wp\/v2\/types\/page"}],"author":[{"embeddable":true,"href":"https:\/\/terrenosenventa.es\/en\/wp-json\/wp\/v2\/users\/1"}],"replies":[{"embeddable":true,"href":"https:\/\/terrenosenventa.es\/en\/wp-json\/wp\/v2\/comments?post=44"}],"version-history":[{"count":2,"href":"https:\/\/terrenosenventa.es\/en\/wp-json\/wp\/v2\/pages\/44\/revisions"}],"predecessor-version":[{"id":228313,"href":"https:\/\/terrenosenventa.es\/en\/wp-json\/wp\/v2\/pages\/44\/revisions\/228313"}],"wp:attachment":[{"href":"https:\/\/terrenosenventa.es\/en\/wp-json\/wp\/v2\/media?parent=44"}],"curies":[{"name":"wp","href":"https:\/\/api.w.org\/{rel}","templated":true}]}}