{"id":131,"date":"2017-06-05T08:24:24","date_gmt":"2017-06-05T08:24:24","guid":{"rendered":"http:\/\/realhomes.inspirythemes.com\/?page_id=122"},"modified":"2023-04-08T10:53:17","modified_gmt":"2023-04-08T10:53:17","slug":"contacto","status":"publish","type":"page","link":"https:\/\/terrenosenventa.es\/en\/contact\/","title":{"rendered":"Contact"},"content":{"rendered":"","protected":false},"excerpt":{"rendered":"","protected":false},"author":1,"featured_media":0,"parent":0,"menu_order":0,"comment_status":"open","ping_status":"closed","template":"templates\/contact.php","meta":{"_acf_changed":false,"inline_featured_image":false,"footnotes":"","_joinchat":[]},"acf":[],"yoast_head":"<!-- This site is optimized with the Yoast SEO plugin v22.3 - https:\/\/yoast.com\/wordpress\/plugins\/seo\/ -->\n<title>Contacto - Terrenos en venta<\/title>\n<meta name=\"description\" content=\"Si est\u00e1s buscando terrenos en venta en M\u00e1laga y C\u00e1diz, est\u00e1s en la web adecuada. Aqu\u00ed te mostramos un amplio cat\u00e1logo a tu disposici\u00f3n.\" \/>\n<meta name=\"robots\" content=\"index, follow, max-snippet:-1, max-image-preview:large, max-video-preview:-1\" \/>\n<link rel=\"canonical\" href=\"https:\/\/terrenosenventa.es\/en\/contact\/\" \/>\n<meta property=\"og:locale\" content=\"en_GB\" \/>\n<meta property=\"og:type\" content=\"article\" \/>\n<meta property=\"og:title\" content=\"Contacto - Terrenos en venta\" \/>\n<meta property=\"og:description\" content=\"Si est\u00e1s buscando terrenos en venta en M\u00e1laga y C\u00e1diz, est\u00e1s en la web adecuada. Aqu\u00ed te mostramos un amplio cat\u00e1logo a tu disposici\u00f3n.\" \/>\n<meta property=\"og:url\" content=\"https:\/\/terrenosenventa.es\/en\/contact\/\" \/>\n<meta property=\"og:site_name\" content=\"Terrenos en venta\" \/>\n<meta property=\"article:modified_time\" content=\"2023-04-08T10:53:17+00:00\" \/>\n<meta name=\"twitter:card\" content=\"summary_large_image\" \/>\n<script type=\"application\/ld+json\" class=\"yoast-schema-graph\">{\"@context\":\"https:\/\/schema.org\",\"@graph\":[{\"@type\":\"WebPage\",\"@id\":\"https:\/\/terrenosenventa.es\/contacto\/\",\"url\":\"https:\/\/terrenosenventa.es\/contacto\/\",\"name\":\"Contacto - Terrenos en venta\",\"isPartOf\":{\"@id\":\"https:\/\/terrenosenventa.es\/#website\"},\"datePublished\":\"2017-06-05T08:24:24+00:00\",\"dateModified\":\"2023-04-08T10:53:17+00:00\",\"description\":\"Si est\u00e1s buscando terrenos en venta en M\u00e1laga y C\u00e1diz, est\u00e1s en la web adecuada. Aqu\u00ed te mostramos un amplio cat\u00e1logo a tu disposici\u00f3n.\",\"breadcrumb\":{\"@id\":\"https:\/\/terrenosenventa.es\/contacto\/#breadcrumb\"},\"inLanguage\":\"en-GB\",\"potentialAction\":[{\"@type\":\"ReadAction\",\"target\":[\"https:\/\/terrenosenventa.es\/contacto\/\"]}]},{\"@type\":\"BreadcrumbList\",\"@id\":\"https:\/\/terrenosenventa.es\/contacto\/#breadcrumb\",\"itemListElement\":[{\"@type\":\"ListItem\",\"position\":1,\"name\":\"Portada\",\"item\":\"https:\/\/terrenosenventa.es\/\"},{\"@type\":\"ListItem\",\"position\":2,\"name\":\"Contacto\"}]},{\"@type\":\"WebSite\",\"@id\":\"https:\/\/terrenosenventa.es\/#website\",\"url\":\"https:\/\/terrenosenventa.es\/\",\"name\":\"Terrenos en venta\",\"description\":\"Terrenos en venta en M\u00e1laga y C\u00e1diz, y m\u00e1s\",\"publisher\":{\"@id\":\"https:\/\/terrenosenventa.es\/#organization\"},\"potentialAction\":[{\"@type\":\"SearchAction\",\"target\":{\"@type\":\"EntryPoint\",\"urlTemplate\":\"https:\/\/terrenosenventa.es\/?s={search_term_string}\"},\"query-input\":\"required name=search_term_string\"}],\"inLanguage\":\"en-GB\"},{\"@type\":\"Organization\",\"@id\":\"https:\/\/terrenosenventa.es\/#organization\",\"name\":\"Terrenos en Venta\",\"url\":\"https:\/\/terrenosenventa.es\/\",\"logo\":{\"@type\":\"ImageObject\",\"inLanguage\":\"en-GB\",\"@id\":\"https:\/\/terrenosenventa.es\/#\/schema\/logo\/image\/\",\"url\":\"https:\/\/terrenosenventa.es\/wp-content\/uploads\/2020\/11\/LOGO-TER-300.png\",\"contentUrl\":\"https:\/\/terrenosenventa.es\/wp-content\/uploads\/2020\/11\/LOGO-TER-300.png\",\"width\":300,\"height\":112,\"caption\":\"Terrenos en Venta\"},\"image\":{\"@id\":\"https:\/\/terrenosenventa.es\/#\/schema\/logo\/image\/\"}}]}<\/script>\n<!-- \/ Yoast SEO plugin. -->","yoast_head_json":{"title":"Contacto - Terrenos en venta","description":"Si est\u00e1s buscando terrenos en venta en M\u00e1laga y C\u00e1diz, est\u00e1s en la web adecuada. Aqu\u00ed te mostramos un amplio cat\u00e1logo a tu disposici\u00f3n.","robots":{"index":"index","follow":"follow","max-snippet":"max-snippet:-1","max-image-preview":"max-image-preview:large","max-video-preview":"max-video-preview:-1"},"canonical":"https:\/\/terrenosenventa.es\/en\/contact\/","og_locale":"en_GB","og_type":"article","og_title":"Contacto - Terrenos en venta","og_description":"Si est\u00e1s buscando terrenos en venta en M\u00e1laga y C\u00e1diz, est\u00e1s en la web adecuada. Aqu\u00ed te mostramos un amplio cat\u00e1logo a tu disposici\u00f3n.","og_url":"https:\/\/terrenosenventa.es\/en\/contact\/","og_site_name":"Terrenos en venta","article_modified_time":"2023-04-08T10:53:17+00:00","twitter_card":"summary_large_image","schema":{"@context":"https:\/\/schema.org","@graph":[{"@type":"WebPage","@id":"https:\/\/terrenosenventa.es\/contacto\/","url":"https:\/\/terrenosenventa.es\/contacto\/","name":"Contacto - Terrenos en venta","isPartOf":{"@id":"https:\/\/terrenosenventa.es\/#website"},"datePublished":"2017-06-05T08:24:24+00:00","dateModified":"2023-04-08T10:53:17+00:00","description":"Si est\u00e1s buscando terrenos en venta en M\u00e1laga y C\u00e1diz, est\u00e1s en la web adecuada. Aqu\u00ed te mostramos un amplio cat\u00e1logo a tu disposici\u00f3n.","breadcrumb":{"@id":"https:\/\/terrenosenventa.es\/contacto\/#breadcrumb"},"inLanguage":"en-GB","potentialAction":[{"@type":"ReadAction","target":["https:\/\/terrenosenventa.es\/contacto\/"]}]},{"@type":"BreadcrumbList","@id":"https:\/\/terrenosenventa.es\/contacto\/#breadcrumb","itemListElement":[{"@type":"ListItem","position":1,"name":"Portada","item":"https:\/\/terrenosenventa.es\/"},{"@type":"ListItem","position":2,"name":"Contacto"}]},{"@type":"WebSite","@id":"https:\/\/terrenosenventa.es\/#website","url":"https:\/\/terrenosenventa.es\/","name":"Terrenos en venta","description":"Terrenos en venta en M\u00e1laga y C\u00e1diz, y m\u00e1s","publisher":{"@id":"https:\/\/terrenosenventa.es\/#organization"},"potentialAction":[{"@type":"SearchAction","target":{"@type":"EntryPoint","urlTemplate":"https:\/\/terrenosenventa.es\/?s={search_term_string}"},"query-input":"required name=search_term_string"}],"inLanguage":"en-GB"},{"@type":"Organization","@id":"https:\/\/terrenosenventa.es\/#organization","name":"Terrenos en Venta","url":"https:\/\/terrenosenventa.es\/","logo":{"@type":"ImageObject","inLanguage":"en-GB","@id":"https:\/\/terrenosenventa.es\/#\/schema\/logo\/image\/","url":"https:\/\/terrenosenventa.es\/wp-content\/uploads\/2020\/11\/LOGO-TER-300.png","contentUrl":"https:\/\/terrenosenventa.es\/wp-content\/uploads\/2020\/11\/LOGO-TER-300.png","width":300,"height":112,"caption":"Terrenos en Venta"},"image":{"@id":"https:\/\/terrenosenventa.es\/#\/schema\/logo\/image\/"}}]}},"_links":{"self":[{"href":"https:\/\/terrenosenventa.es\/en\/wp-json\/wp\/v2\/pages\/131"}],"collection":[{"href":"https:\/\/terrenosenventa.es\/en\/wp-json\/wp\/v2\/pages"}],"about":[{"href":"https:\/\/terrenosenventa.es\/en\/wp-json\/wp\/v2\/types\/page"}],"author":[{"embeddable":true,"href":"https:\/\/terrenosenventa.es\/en\/wp-json\/wp\/v2\/users\/1"}],"replies":[{"embeddable":true,"href":"https:\/\/terrenosenventa.es\/en\/wp-json\/wp\/v2\/comments?post=131"}],"version-history":[{"count":0,"href":"https:\/\/terrenosenventa.es\/en\/wp-json\/wp\/v2\/pages\/131\/revisions"}],"wp:attachment":[{"href":"https:\/\/terrenosenventa.es\/en\/wp-json\/wp\/v2\/media?parent=131"}],"curies":[{"name":"wp","href":"https:\/\/api.w.org\/{rel}","templated":true}]}}